{"id":26,"date":"2023-07-26T08:28:11","date_gmt":"2023-07-26T08:28:11","guid":{"rendered":"https:\/\/sowhat-architecture.fr\/?page_id=26"},"modified":"2025-11-20T14:56:29","modified_gmt":"2025-11-20T14:56:29","slug":"accueil","status":"publish","type":"page","link":"https:\/\/sowhat-architecture.fr\/","title":{"rendered":"Architecte Montpellier"},"content":{"rendered":"\n<p>Depuis 2001 sur Montpellier, notre agence d&rsquo;architecte con\u00e7oit et r\u00e9alise des maisons contemporaines, simples et \u00e9pur\u00e9es en respectant votre programmation et votre budget. Ses projets sont soucieux du respect de l&rsquo;environnement.<\/p>\n\n\n\n<p>En visitant notre site vous pourrez appr\u00e9cier un \u00e9ventail de projets r\u00e9alis\u00e9s au cours des derni\u00e8res ann\u00e9es et apprendre \u00e0 mieux nous conna\u00eetre avant de, pourquoi pas, nous confier votre projet de construction ou de r\u00e9novation.<\/p>\n\n\n\n<p>Installez vous confortablement, c\u2019est parti!<\/p>\n\n\n\n<figure class=\"wp-block-image size-large\"><img loading=\"lazy\" decoding=\"async\" width=\"1024\" height=\"577\" src=\"https:\/\/sowhat-architecture.fr\/wp-content\/uploads\/2023\/07\/P1250253-02-1024x577.jpg\" alt=\"\" class=\"wp-image-1936\" srcset=\"https:\/\/sowhat-architecture.fr\/wp-content\/uploads\/2023\/07\/P1250253-02-1024x577.jpg 1024w, https:\/\/sowhat-architecture.fr\/wp-content\/uploads\/2023\/07\/P1250253-02-300x169.jpg 300w, https:\/\/sowhat-architecture.fr\/wp-content\/uploads\/2023\/07\/P1250253-02-768x433.jpg 768w, https:\/\/sowhat-architecture.fr\/wp-content\/uploads\/2023\/07\/P1250253-02-1536x866.jpg 1536w, https:\/\/sowhat-architecture.fr\/wp-content\/uploads\/2023\/07\/P1250253-02-2048x1155.jpg 2048w\" sizes=\"auto, (max-width: 767px) 89vw, (max-width: 1000px) 54vw, (max-width: 1071px) 543px, 580px\" \/><\/figure>\n","protected":false},"excerpt":{"rendered":"<p>Depuis 2001 sur Montpellier, notre agence d&rsquo;architecte con\u00e7oit et r\u00e9alise des maisons contemporaines, simples et \u00e9pur\u00e9es en respectant votre programmation et votre budget. Ses projets sont soucieux du respect de l&rsquo;environnement. En visitant notre site vous pourrez appr\u00e9cier un \u00e9ventail de projets r\u00e9alis\u00e9s au cours des derni\u00e8res ann\u00e9es et apprendre \u00e0 mieux nous conna\u00eetre avant &hellip; <\/p>\n<p class=\"link-more\"><a href=\"https:\/\/sowhat-architecture.fr\/\" class=\"more-link\">Continuer la lecture<span class=\"screen-reader-text\"> de &laquo;&nbsp;Architecte Montpellier&nbsp;&raquo;<\/span><\/a><\/p>\n","protected":false},"author":5,"featured_media":0,"parent":0,"menu_order":0,"comment_status":"closed","ping_status":"closed","template":"","meta":{"footnotes":""},"folder":[],"class_list":["post-26","page","type-page","status-publish","hentry"],"yoast_head":"<!-- This site is optimized with the Yoast SEO plugin v27.4 - https:\/\/yoast.com\/product\/yoast-seo-wordpress\/ -->\n<title>Architecte Montpellier - So What Architecture<\/title>\n<meta name=\"description\" content=\"Experts en solutions bioclimatiques. Les deux architectes de l&#039;agence sont \u00e0 votre \u00e9coute pour proposer des projets qui vous resemblent!\" \/>\n<meta name=\"robots\" content=\"index, follow, max-snippet:-1, max-image-preview:large, max-video-preview:-1\" \/>\n<link rel=\"canonical\" href=\"https:\/\/sowhat-architecture.fr\/\" \/>\n<meta property=\"og:locale\" content=\"fr_FR\" \/>\n<meta property=\"og:type\" content=\"article\" \/>\n<meta property=\"og:title\" content=\"Architecte Montpellier - So What Architecture\" \/>\n<meta property=\"og:description\" content=\"Experts en solutions bioclimatiques. Les deux architectes de l&#039;agence sont \u00e0 votre \u00e9coute pour proposer des projets qui vous resemblent!\" \/>\n<meta property=\"og:url\" content=\"https:\/\/sowhat-architecture.fr\/\" \/>\n<meta property=\"og:site_name\" content=\"So What Architecture\" \/>\n<meta property=\"article:modified_time\" content=\"2025-11-20T14:56:29+00:00\" \/>\n<meta property=\"og:image\" content=\"https:\/\/sowhat-architecture.fr\/wp-content\/uploads\/2023\/07\/P1250253-02-scaled.jpg\" \/>\n\t<meta property=\"og:image:width\" content=\"2560\" \/>\n\t<meta property=\"og:image:height\" content=\"1443\" \/>\n\t<meta property=\"og:image:type\" content=\"image\/jpeg\" \/>\n<meta name=\"twitter:card\" content=\"summary_large_image\" \/>\n<meta name=\"twitter:label1\" content=\"Dur\u00e9e de lecture estim\u00e9e\" \/>\n\t<meta name=\"twitter:data1\" content=\"1 minute\" \/>\n<script type=\"application\/ld+json\" class=\"yoast-schema-graph\">{\"@context\":\"https:\\\/\\\/schema.org\",\"@graph\":[{\"@type\":\"WebPage\",\"@id\":\"https:\\\/\\\/sowhat-architecture.fr\\\/\",\"url\":\"https:\\\/\\\/sowhat-architecture.fr\\\/\",\"name\":\"Architecte Montpellier - So What Architecture\",\"isPartOf\":{\"@id\":\"https:\\\/\\\/sowhat-architecture.fr\\\/#website\"},\"primaryImageOfPage\":{\"@id\":\"https:\\\/\\\/sowhat-architecture.fr\\\/#primaryimage\"},\"image\":{\"@id\":\"https:\\\/\\\/sowhat-architecture.fr\\\/#primaryimage\"},\"thumbnailUrl\":\"https:\\\/\\\/sowhat-architecture.fr\\\/wp-content\\\/uploads\\\/2023\\\/07\\\/P1250253-02-1024x577.jpg\",\"datePublished\":\"2023-07-26T08:28:11+00:00\",\"dateModified\":\"2025-11-20T14:56:29+00:00\",\"description\":\"Experts en solutions bioclimatiques. Les deux architectes de l'agence sont \u00e0 votre \u00e9coute pour proposer des projets qui vous resemblent!\",\"breadcrumb\":{\"@id\":\"https:\\\/\\\/sowhat-architecture.fr\\\/#breadcrumb\"},\"inLanguage\":\"fr-FR\",\"potentialAction\":[{\"@type\":\"ReadAction\",\"target\":[\"https:\\\/\\\/sowhat-architecture.fr\\\/\"]}]},{\"@type\":\"ImageObject\",\"inLanguage\":\"fr-FR\",\"@id\":\"https:\\\/\\\/sowhat-architecture.fr\\\/#primaryimage\",\"url\":\"https:\\\/\\\/sowhat-architecture.fr\\\/wp-content\\\/uploads\\\/2023\\\/07\\\/P1250253-02-scaled.jpg\",\"contentUrl\":\"https:\\\/\\\/sowhat-architecture.fr\\\/wp-content\\\/uploads\\\/2023\\\/07\\\/P1250253-02-scaled.jpg\",\"width\":2560,\"height\":1443},{\"@type\":\"BreadcrumbList\",\"@id\":\"https:\\\/\\\/sowhat-architecture.fr\\\/#breadcrumb\",\"itemListElement\":[{\"@type\":\"ListItem\",\"position\":1,\"name\":\"Accueil\",\"item\":\"https:\\\/\\\/sowhat-architecture.fr\\\/\"},{\"@type\":\"ListItem\",\"position\":2,\"name\":\"Architecte Montpellier\"}]},{\"@type\":\"WebSite\",\"@id\":\"https:\\\/\\\/sowhat-architecture.fr\\\/#website\",\"url\":\"https:\\\/\\\/sowhat-architecture.fr\\\/\",\"name\":\"So What Architecture\",\"description\":\"Architecture contemporaine - Experts en solutions bioclimatiques\",\"publisher\":{\"@id\":\"https:\\\/\\\/sowhat-architecture.fr\\\/#organization\"},\"potentialAction\":[{\"@type\":\"SearchAction\",\"target\":{\"@type\":\"EntryPoint\",\"urlTemplate\":\"https:\\\/\\\/sowhat-architecture.fr\\\/?s={search_term_string}\"},\"query-input\":{\"@type\":\"PropertyValueSpecification\",\"valueRequired\":true,\"valueName\":\"search_term_string\"}}],\"inLanguage\":\"fr-FR\"},{\"@type\":\"Organization\",\"@id\":\"https:\\\/\\\/sowhat-architecture.fr\\\/#organization\",\"name\":\"So What Architecture\",\"url\":\"https:\\\/\\\/sowhat-architecture.fr\\\/\",\"logo\":{\"@type\":\"ImageObject\",\"inLanguage\":\"fr-FR\",\"@id\":\"https:\\\/\\\/sowhat-architecture.fr\\\/#\\\/schema\\\/logo\\\/image\\\/\",\"url\":\"https:\\\/\\\/sowhat-architecture.fr\\\/wp-content\\\/uploads\\\/2023\\\/11\\\/favicon.ico\",\"contentUrl\":\"https:\\\/\\\/sowhat-architecture.fr\\\/wp-content\\\/uploads\\\/2023\\\/11\\\/favicon.ico\",\"width\":16,\"height\":16,\"caption\":\"So What Architecture\"},\"image\":{\"@id\":\"https:\\\/\\\/sowhat-architecture.fr\\\/#\\\/schema\\\/logo\\\/image\\\/\"}}]}<\/script>\n<!-- \/ Yoast SEO plugin. -->","yoast_head_json":{"title":"Architecte Montpellier - So What Architecture","description":"Experts en solutions bioclimatiques. Les deux architectes de l'agence sont \u00e0 votre \u00e9coute pour proposer des projets qui vous resemblent!","robots":{"index":"index","follow":"follow","max-snippet":"max-snippet:-1","max-image-preview":"max-image-preview:large","max-video-preview":"max-video-preview:-1"},"canonical":"https:\/\/sowhat-architecture.fr\/","og_locale":"fr_FR","og_type":"article","og_title":"Architecte Montpellier - So What Architecture","og_description":"Experts en solutions bioclimatiques. Les deux architectes de l'agence sont \u00e0 votre \u00e9coute pour proposer des projets qui vous resemblent!","og_url":"https:\/\/sowhat-architecture.fr\/","og_site_name":"So What Architecture","article_modified_time":"2025-11-20T14:56:29+00:00","og_image":[{"width":2560,"height":1443,"url":"https:\/\/sowhat-architecture.fr\/wp-content\/uploads\/2023\/07\/P1250253-02-scaled.jpg","type":"image\/jpeg"}],"twitter_card":"summary_large_image","twitter_misc":{"Dur\u00e9e de lecture estim\u00e9e":"1 minute"},"schema":{"@context":"https:\/\/schema.org","@graph":[{"@type":"WebPage","@id":"https:\/\/sowhat-architecture.fr\/","url":"https:\/\/sowhat-architecture.fr\/","name":"Architecte Montpellier - So What Architecture","isPartOf":{"@id":"https:\/\/sowhat-architecture.fr\/#website"},"primaryImageOfPage":{"@id":"https:\/\/sowhat-architecture.fr\/#primaryimage"},"image":{"@id":"https:\/\/sowhat-architecture.fr\/#primaryimage"},"thumbnailUrl":"https:\/\/sowhat-architecture.fr\/wp-content\/uploads\/2023\/07\/P1250253-02-1024x577.jpg","datePublished":"2023-07-26T08:28:11+00:00","dateModified":"2025-11-20T14:56:29+00:00","description":"Experts en solutions bioclimatiques. Les deux architectes de l'agence sont \u00e0 votre \u00e9coute pour proposer des projets qui vous resemblent!","breadcrumb":{"@id":"https:\/\/sowhat-architecture.fr\/#breadcrumb"},"inLanguage":"fr-FR","potentialAction":[{"@type":"ReadAction","target":["https:\/\/sowhat-architecture.fr\/"]}]},{"@type":"ImageObject","inLanguage":"fr-FR","@id":"https:\/\/sowhat-architecture.fr\/#primaryimage","url":"https:\/\/sowhat-architecture.fr\/wp-content\/uploads\/2023\/07\/P1250253-02-scaled.jpg","contentUrl":"https:\/\/sowhat-architecture.fr\/wp-content\/uploads\/2023\/07\/P1250253-02-scaled.jpg","width":2560,"height":1443},{"@type":"BreadcrumbList","@id":"https:\/\/sowhat-architecture.fr\/#breadcrumb","itemListElement":[{"@type":"ListItem","position":1,"name":"Accueil","item":"https:\/\/sowhat-architecture.fr\/"},{"@type":"ListItem","position":2,"name":"Architecte Montpellier"}]},{"@type":"WebSite","@id":"https:\/\/sowhat-architecture.fr\/#website","url":"https:\/\/sowhat-architecture.fr\/","name":"So What Architecture","description":"Architecture contemporaine - Experts en solutions bioclimatiques","publisher":{"@id":"https:\/\/sowhat-architecture.fr\/#organization"},"potentialAction":[{"@type":"SearchAction","target":{"@type":"EntryPoint","urlTemplate":"https:\/\/sowhat-architecture.fr\/?s={search_term_string}"},"query-input":{"@type":"PropertyValueSpecification","valueRequired":true,"valueName":"search_term_string"}}],"inLanguage":"fr-FR"},{"@type":"Organization","@id":"https:\/\/sowhat-architecture.fr\/#organization","name":"So What Architecture","url":"https:\/\/sowhat-architecture.fr\/","logo":{"@type":"ImageObject","inLanguage":"fr-FR","@id":"https:\/\/sowhat-architecture.fr\/#\/schema\/logo\/image\/","url":"https:\/\/sowhat-architecture.fr\/wp-content\/uploads\/2023\/11\/favicon.ico","contentUrl":"https:\/\/sowhat-architecture.fr\/wp-content\/uploads\/2023\/11\/favicon.ico","width":16,"height":16,"caption":"So What Architecture"},"image":{"@id":"https:\/\/sowhat-architecture.fr\/#\/schema\/logo\/image\/"}}]}},"_links":{"self":[{"href":"https:\/\/sowhat-architecture.fr\/index.php?rest_route=\/wp\/v2\/pages\/26","targetHints":{"allow":["GET"]}}],"collection":[{"href":"https:\/\/sowhat-architecture.fr\/index.php?rest_route=\/wp\/v2\/pages"}],"about":[{"href":"https:\/\/sowhat-architecture.fr\/index.php?rest_route=\/wp\/v2\/types\/page"}],"author":[{"embeddable":true,"href":"https:\/\/sowhat-architecture.fr\/index.php?rest_route=\/wp\/v2\/users\/5"}],"replies":[{"embeddable":true,"href":"https:\/\/sowhat-architecture.fr\/index.php?rest_route=%2Fwp%2Fv2%2Fcomments&post=26"}],"version-history":[{"count":6,"href":"https:\/\/sowhat-architecture.fr\/index.php?rest_route=\/wp\/v2\/pages\/26\/revisions"}],"predecessor-version":[{"id":7323,"href":"https:\/\/sowhat-architecture.fr\/index.php?rest_route=\/wp\/v2\/pages\/26\/revisions\/7323"}],"wp:attachment":[{"href":"https:\/\/sowhat-architecture.fr\/index.php?rest_route=%2Fwp%2Fv2%2Fmedia&parent=26"}],"wp:term":[{"taxonomy":"folder","embeddable":true,"href":"https:\/\/sowhat-architecture.fr\/index.php?rest_route=%2Fwp%2Fv2%2Ffolder&post=26"}],"curies":[{"name":"wp","href":"https:\/\/api.w.org\/{rel}","templated":true}]}}