{"id":300,"date":"2021-04-13T11:05:09","date_gmt":"2021-04-13T09:05:09","guid":{"rendered":"http:\/\/so.what.architecture.free.fr\/?page_id=300"},"modified":"2025-06-17T14:19:42","modified_gmt":"2025-06-17T14:19:42","slug":"agence","status":"publish","type":"page","link":"https:\/\/sowhat-architecture.fr\/?page_id=300","title":{"rendered":"L&rsquo;agence"},"content":{"rendered":"\n<figure class=\"wp-block-image size-large\"><img loading=\"lazy\" decoding=\"async\" width=\"1024\" height=\"587\" src=\"https:\/\/sowhat-architecture.fr\/wp-content\/uploads\/2023\/07\/Portrait-So-What-Architecture-scaled-1-1024x587.jpg\" alt=\"Architecte Montpellier - So What Architecture\" class=\"wp-image-1531\" srcset=\"https:\/\/sowhat-architecture.fr\/wp-content\/uploads\/2023\/07\/Portrait-So-What-Architecture-scaled-1-1024x587.jpg 1024w, https:\/\/sowhat-architecture.fr\/wp-content\/uploads\/2023\/07\/Portrait-So-What-Architecture-scaled-1-300x172.jpg 300w, https:\/\/sowhat-architecture.fr\/wp-content\/uploads\/2023\/07\/Portrait-So-What-Architecture-scaled-1-768x440.jpg 768w, https:\/\/sowhat-architecture.fr\/wp-content\/uploads\/2023\/07\/Portrait-So-What-Architecture-scaled-1-1536x880.jpg 1536w, https:\/\/sowhat-architecture.fr\/wp-content\/uploads\/2023\/07\/Portrait-So-What-Architecture-scaled-1-2048x1174.jpg 2048w\" sizes=\"auto, (max-width: 767px) 89vw, (max-width: 1000px) 54vw, (max-width: 1071px) 543px, 580px\" \/><\/figure>\n\n\n\n<h2 class=\"wp-block-heading\">C\u2019est en 2001 que So What Architecture est cr\u00e9\u00e9e!<\/h2>\n\n\n\n<p>Apr\u00e8s avoir travaill\u00e9 en tant que salari\u00e9s dans des agences en Allemagne et en Autriche, ils reviennent \u00e0 Montpellier qu&rsquo;ils connaissent bien pour cr\u00e9er l&rsquo;<strong>agence d&rsquo;Architecte<\/strong> So What Architecture.<\/p>\n\n\n\n<p>Ursula est dipl\u00f4m\u00e9e de l\u2019\u00e9cole de Innsbruck en Autriche (Architekt Diplom ing\u00e9nieur en 2001), Nicolas lui est dipl\u00f4m\u00e9 de l\u2019\u00e9cole Nationnale sup\u00e9rieur d\u2019architecture (Dipl\u00f4m\u00e9 par le gouvernement en 2000)<\/p>\n\n\n\n<h2 class=\"wp-block-heading\">Comp\u00e9tences<\/h2>\n\n\n\n<p>Ils exercent maintenant depuis plus de vingt ans!<\/p>\n\n\n\n<p>Leurs visions crois\u00e9es convergent pour mieux comprendre les contraintes du projet et savoir trouver les solutions les plus adapt\u00e9es.<\/p>\n\n\n\n<p>Lors des premier rendez-vous, ils sont tous les deux \u00e0 votre \u00e9coute pour bien cerner la globalit\u00e9 de vos exigences.<\/p>\n\n\n\n<p>En couple dans la vie, ils sont tous les deux architectes. Leurs parcours diff\u00e9rents assurent une bonne compl\u00e9mentarit\u00e9.<\/p>\n\n\n\n<p>Leurs comp\u00e9tences techniques acquises  pendant ces ann\u00e9es d&rsquo;exercice leur permettent \u00e9galement de choisir les meilleures solutions techniques pour des r\u00e9alisations optimis\u00e9es.<\/p>\n\n\n\n<p>Par ailleurs, le fait d&rsquo;avoir pu participer tr\u00e8s activement \u00e0 plusieurs chantiers qui leur ont \u00e9t\u00e9 propres leur a permis d&rsquo;acqu\u00e9rir <strong>une excellente ma\u00eetrise des  modes de mise en oeuvre<\/strong> et de la <strong>logistique de chantier<\/strong>.  Ces atouts leurs permettent d&rsquo;assurer <strong>une conception pr\u00e9cise et un<\/strong> <strong>suivi de chantier de qualit\u00e9<\/strong>!<\/p>\n\n\n\n<p>Leur int\u00e9r\u00eat commun pour l\u2019<strong>architecture contemporaine<\/strong>&nbsp;les guide \u00e0 travers ces ann\u00e9es d\u2019exercice. Ils attachent \u00e9galement un soin particulier \u00e0 concevoir des projets les moins \u00e9nergivores possibles,&nbsp;<strong>soucieux de l\u2019environnement et des contraintes climatiques<\/strong>.<\/p>\n\n\n\n<h2 class=\"wp-block-heading\">Bioclimatique<\/h2>\n\n\n\n<p>Derri\u00e8re ce terme g\u00e9n\u00e9rique, malheureusement souvent utilis\u00e9 \u00e0 mauvais escient, se cache pourtant un concept simple: <em>tirer parti des conditions d&rsquo;un site et de son environnement<\/em>.<\/p>\n\n\n\n<p>Ursula et Nicolas utilisent ce concept en mettant en relation leurs capacit\u00e9s d&rsquo;analyse du site et leurs connaissances des moyens techniques pour adapter de mani\u00e8re optimale la construction \u00e0 son environnement.<\/p>\n\n\n\n<p><\/p>\n\n\n\n<p><em>Vous \u00eates int\u00e9ress\u00e9s par notre travail ? Passez faire un tour \u00e0 l&rsquo;agence pour discuter de votre projet !<\/em><\/p>\n\n\n\n<p><\/p>\n\n\n\n<figure class=\"wp-block-gallery has-nested-images columns-default is-cropped wp-block-gallery-1 is-layout-flex wp-block-gallery-is-layout-flex\">\n<figure class=\"wp-block-image size-large\"><a href=\"https:\/\/sowhat-architecture.fr\/wp-content\/uploads\/2023\/07\/P1290805-scaled.jpg\"><img loading=\"lazy\" decoding=\"async\" width=\"1024\" height=\"577\" data-id=\"2002\" src=\"https:\/\/sowhat-architecture.fr\/wp-content\/uploads\/2023\/07\/P1290805-1024x577.jpg\" alt=\"\" class=\"wp-image-2002\" srcset=\"https:\/\/sowhat-architecture.fr\/wp-content\/uploads\/2023\/07\/P1290805-1024x577.jpg 1024w, https:\/\/sowhat-architecture.fr\/wp-content\/uploads\/2023\/07\/P1290805-300x169.jpg 300w, https:\/\/sowhat-architecture.fr\/wp-content\/uploads\/2023\/07\/P1290805-768x433.jpg 768w, https:\/\/sowhat-architecture.fr\/wp-content\/uploads\/2023\/07\/P1290805-1536x866.jpg 1536w, https:\/\/sowhat-architecture.fr\/wp-content\/uploads\/2023\/07\/P1290805-2048x1155.jpg 2048w\" sizes=\"auto, (max-width: 767px) 89vw, (max-width: 1000px) 54vw, (max-width: 1071px) 543px, 580px\" \/><\/a><\/figure>\n\n\n\n<figure class=\"wp-block-image size-large\"><a href=\"https:\/\/sowhat-architecture.fr\/wp-content\/uploads\/2023\/07\/P1290808-scaled.jpg\"><img loading=\"lazy\" decoding=\"async\" width=\"1024\" height=\"577\" data-id=\"2004\" src=\"https:\/\/sowhat-architecture.fr\/wp-content\/uploads\/2023\/07\/P1290808-1024x577.jpg\" alt=\"\" class=\"wp-image-2004\" srcset=\"https:\/\/sowhat-architecture.fr\/wp-content\/uploads\/2023\/07\/P1290808-1024x577.jpg 1024w, https:\/\/sowhat-architecture.fr\/wp-content\/uploads\/2023\/07\/P1290808-300x169.jpg 300w, https:\/\/sowhat-architecture.fr\/wp-content\/uploads\/2023\/07\/P1290808-768x433.jpg 768w, https:\/\/sowhat-architecture.fr\/wp-content\/uploads\/2023\/07\/P1290808-1536x866.jpg 1536w, https:\/\/sowhat-architecture.fr\/wp-content\/uploads\/2023\/07\/P1290808-2048x1155.jpg 2048w\" sizes=\"auto, (max-width: 767px) 89vw, (max-width: 1000px) 54vw, (max-width: 1071px) 543px, 580px\" \/><\/a><\/figure>\n\n\n\n<figure class=\"wp-block-image size-large\"><a href=\"https:\/\/sowhat-architecture.fr\/wp-content\/uploads\/2023\/07\/P1290806-scaled.jpg\"><img loading=\"lazy\" decoding=\"async\" width=\"1024\" height=\"577\" data-id=\"2003\" src=\"https:\/\/sowhat-architecture.fr\/wp-content\/uploads\/2023\/07\/P1290806-1024x577.jpg\" alt=\"\" class=\"wp-image-2003\" srcset=\"https:\/\/sowhat-architecture.fr\/wp-content\/uploads\/2023\/07\/P1290806-1024x577.jpg 1024w, https:\/\/sowhat-architecture.fr\/wp-content\/uploads\/2023\/07\/P1290806-300x169.jpg 300w, https:\/\/sowhat-architecture.fr\/wp-content\/uploads\/2023\/07\/P1290806-768x433.jpg 768w, https:\/\/sowhat-architecture.fr\/wp-content\/uploads\/2023\/07\/P1290806-1536x866.jpg 1536w, https:\/\/sowhat-architecture.fr\/wp-content\/uploads\/2023\/07\/P1290806-2048x1155.jpg 2048w\" sizes=\"auto, (max-width: 767px) 89vw, (max-width: 1000px) 54vw, (max-width: 1071px) 543px, 580px\" \/><\/a><\/figure>\n<\/figure>\n\n\n\n<p><\/p>\n","protected":false},"excerpt":{"rendered":"<p>C\u2019est en 2001 que So What Architecture est cr\u00e9\u00e9e! Apr\u00e8s avoir travaill\u00e9 en tant que salari\u00e9s dans des agences en Allemagne et en Autriche, ils reviennent \u00e0 Montpellier qu&rsquo;ils connaissent bien pour cr\u00e9er l&rsquo;agence d&rsquo;Architecte So What Architecture. Ursula est dipl\u00f4m\u00e9e de l\u2019\u00e9cole de Innsbruck en Autriche (Architekt Diplom ing\u00e9nieur en 2001), Nicolas lui est &hellip; <\/p>\n<p class=\"link-more\"><a href=\"https:\/\/sowhat-architecture.fr\/?page_id=300\" class=\"more-link\">Continuer la lecture<span class=\"screen-reader-text\"> de &laquo;&nbsp;L&rsquo;agence&nbsp;&raquo;<\/span><\/a><\/p>\n","protected":false},"author":5,"featured_media":0,"parent":0,"menu_order":2,"comment_status":"closed","ping_status":"closed","template":"","meta":{"footnotes":""},"folder":[],"class_list":["post-300","page","type-page","status-publish","hentry"],"yoast_head":"<!-- This site is optimized with the Yoast SEO plugin v27.4 - https:\/\/yoast.com\/product\/yoast-seo-wordpress\/ -->\n<title>L&#039;agence - So What Architecture<\/title>\n<meta name=\"description\" content=\"Install\u00e9e \u00e0 Montpellier depuis 2001, l&#039;agence con\u00e7oit et r\u00e9alise des maisons contemporaines, simples et \u00e9pur\u00e9es.\" \/>\n<meta name=\"robots\" content=\"index, follow, max-snippet:-1, max-image-preview:large, max-video-preview:-1\" \/>\n<link rel=\"canonical\" href=\"https:\/\/sowhat-architecture.fr\/?page_id=300\" \/>\n<meta property=\"og:locale\" content=\"fr_FR\" \/>\n<meta property=\"og:type\" content=\"article\" \/>\n<meta property=\"og:title\" content=\"L&#039;agence - So What Architecture\" \/>\n<meta property=\"og:description\" content=\"Install\u00e9e \u00e0 Montpellier depuis 2001, l&#039;agence con\u00e7oit et r\u00e9alise des maisons contemporaines, simples et \u00e9pur\u00e9es.\" \/>\n<meta property=\"og:url\" content=\"https:\/\/sowhat-architecture.fr\/?page_id=300\" \/>\n<meta property=\"og:site_name\" content=\"So What Architecture\" \/>\n<meta property=\"article:modified_time\" content=\"2025-06-17T14:19:42+00:00\" \/>\n<meta property=\"og:image\" content=\"https:\/\/sowhat-architecture.fr\/wp-content\/uploads\/2023\/07\/Portrait-So-What-Architecture-scaled-1.jpg\" \/>\n\t<meta property=\"og:image:width\" content=\"2560\" \/>\n\t<meta property=\"og:image:height\" content=\"1467\" \/>\n\t<meta property=\"og:image:type\" content=\"image\/jpeg\" \/>\n<meta name=\"twitter:card\" content=\"summary_large_image\" \/>\n<meta name=\"twitter:label1\" content=\"Dur\u00e9e de lecture estim\u00e9e\" \/>\n\t<meta name=\"twitter:data1\" content=\"3 minutes\" \/>\n<script type=\"application\/ld+json\" class=\"yoast-schema-graph\">{\"@context\":\"https:\\\/\\\/schema.org\",\"@graph\":[{\"@type\":\"WebPage\",\"@id\":\"https:\\\/\\\/sowhat-architecture.fr\\\/?page_id=300\",\"url\":\"https:\\\/\\\/sowhat-architecture.fr\\\/?page_id=300\",\"name\":\"L'agence - So What Architecture\",\"isPartOf\":{\"@id\":\"https:\\\/\\\/sowhat-architecture.fr\\\/#website\"},\"primaryImageOfPage\":{\"@id\":\"https:\\\/\\\/sowhat-architecture.fr\\\/?page_id=300#primaryimage\"},\"image\":{\"@id\":\"https:\\\/\\\/sowhat-architecture.fr\\\/?page_id=300#primaryimage\"},\"thumbnailUrl\":\"https:\\\/\\\/sowhat-architecture.fr\\\/wp-content\\\/uploads\\\/2023\\\/07\\\/Portrait-So-What-Architecture-scaled-1-1024x587.jpg\",\"datePublished\":\"2021-04-13T09:05:09+00:00\",\"dateModified\":\"2025-06-17T14:19:42+00:00\",\"description\":\"Install\u00e9e \u00e0 Montpellier depuis 2001, l'agence con\u00e7oit et r\u00e9alise des maisons contemporaines, simples et \u00e9pur\u00e9es.\",\"breadcrumb\":{\"@id\":\"https:\\\/\\\/sowhat-architecture.fr\\\/?page_id=300#breadcrumb\"},\"inLanguage\":\"fr-FR\",\"potentialAction\":[{\"@type\":\"ReadAction\",\"target\":[\"https:\\\/\\\/sowhat-architecture.fr\\\/?page_id=300\"]}]},{\"@type\":\"ImageObject\",\"inLanguage\":\"fr-FR\",\"@id\":\"https:\\\/\\\/sowhat-architecture.fr\\\/?page_id=300#primaryimage\",\"url\":\"https:\\\/\\\/sowhat-architecture.fr\\\/wp-content\\\/uploads\\\/2023\\\/07\\\/Portrait-So-What-Architecture-scaled-1.jpg\",\"contentUrl\":\"https:\\\/\\\/sowhat-architecture.fr\\\/wp-content\\\/uploads\\\/2023\\\/07\\\/Portrait-So-What-Architecture-scaled-1.jpg\",\"width\":2560,\"height\":1467},{\"@type\":\"BreadcrumbList\",\"@id\":\"https:\\\/\\\/sowhat-architecture.fr\\\/?page_id=300#breadcrumb\",\"itemListElement\":[{\"@type\":\"ListItem\",\"position\":1,\"name\":\"Accueil\",\"item\":\"https:\\\/\\\/sowhat-architecture.fr\\\/\"},{\"@type\":\"ListItem\",\"position\":2,\"name\":\"L&rsquo;agence\"}]},{\"@type\":\"WebSite\",\"@id\":\"https:\\\/\\\/sowhat-architecture.fr\\\/#website\",\"url\":\"https:\\\/\\\/sowhat-architecture.fr\\\/\",\"name\":\"So What Architecture\",\"description\":\"Architecture contemporaine - Experts en solutions bioclimatiques\",\"publisher\":{\"@id\":\"https:\\\/\\\/sowhat-architecture.fr\\\/#organization\"},\"potentialAction\":[{\"@type\":\"SearchAction\",\"target\":{\"@type\":\"EntryPoint\",\"urlTemplate\":\"https:\\\/\\\/sowhat-architecture.fr\\\/?s={search_term_string}\"},\"query-input\":{\"@type\":\"PropertyValueSpecification\",\"valueRequired\":true,\"valueName\":\"search_term_string\"}}],\"inLanguage\":\"fr-FR\"},{\"@type\":\"Organization\",\"@id\":\"https:\\\/\\\/sowhat-architecture.fr\\\/#organization\",\"name\":\"So What Architecture\",\"url\":\"https:\\\/\\\/sowhat-architecture.fr\\\/\",\"logo\":{\"@type\":\"ImageObject\",\"inLanguage\":\"fr-FR\",\"@id\":\"https:\\\/\\\/sowhat-architecture.fr\\\/#\\\/schema\\\/logo\\\/image\\\/\",\"url\":\"https:\\\/\\\/sowhat-architecture.fr\\\/wp-content\\\/uploads\\\/2023\\\/11\\\/favicon.ico\",\"contentUrl\":\"https:\\\/\\\/sowhat-architecture.fr\\\/wp-content\\\/uploads\\\/2023\\\/11\\\/favicon.ico\",\"width\":16,\"height\":16,\"caption\":\"So What Architecture\"},\"image\":{\"@id\":\"https:\\\/\\\/sowhat-architecture.fr\\\/#\\\/schema\\\/logo\\\/image\\\/\"}}]}<\/script>\n<!-- \/ Yoast SEO plugin. -->","yoast_head_json":{"title":"L'agence - So What Architecture","description":"Install\u00e9e \u00e0 Montpellier depuis 2001, l'agence con\u00e7oit et r\u00e9alise des maisons contemporaines, simples et \u00e9pur\u00e9es.","robots":{"index":"index","follow":"follow","max-snippet":"max-snippet:-1","max-image-preview":"max-image-preview:large","max-video-preview":"max-video-preview:-1"},"canonical":"https:\/\/sowhat-architecture.fr\/?page_id=300","og_locale":"fr_FR","og_type":"article","og_title":"L'agence - So What Architecture","og_description":"Install\u00e9e \u00e0 Montpellier depuis 2001, l'agence con\u00e7oit et r\u00e9alise des maisons contemporaines, simples et \u00e9pur\u00e9es.","og_url":"https:\/\/sowhat-architecture.fr\/?page_id=300","og_site_name":"So What Architecture","article_modified_time":"2025-06-17T14:19:42+00:00","og_image":[{"width":2560,"height":1467,"url":"https:\/\/sowhat-architecture.fr\/wp-content\/uploads\/2023\/07\/Portrait-So-What-Architecture-scaled-1.jpg","type":"image\/jpeg"}],"twitter_card":"summary_large_image","twitter_misc":{"Dur\u00e9e de lecture estim\u00e9e":"3 minutes"},"schema":{"@context":"https:\/\/schema.org","@graph":[{"@type":"WebPage","@id":"https:\/\/sowhat-architecture.fr\/?page_id=300","url":"https:\/\/sowhat-architecture.fr\/?page_id=300","name":"L'agence - So What Architecture","isPartOf":{"@id":"https:\/\/sowhat-architecture.fr\/#website"},"primaryImageOfPage":{"@id":"https:\/\/sowhat-architecture.fr\/?page_id=300#primaryimage"},"image":{"@id":"https:\/\/sowhat-architecture.fr\/?page_id=300#primaryimage"},"thumbnailUrl":"https:\/\/sowhat-architecture.fr\/wp-content\/uploads\/2023\/07\/Portrait-So-What-Architecture-scaled-1-1024x587.jpg","datePublished":"2021-04-13T09:05:09+00:00","dateModified":"2025-06-17T14:19:42+00:00","description":"Install\u00e9e \u00e0 Montpellier depuis 2001, l'agence con\u00e7oit et r\u00e9alise des maisons contemporaines, simples et \u00e9pur\u00e9es.","breadcrumb":{"@id":"https:\/\/sowhat-architecture.fr\/?page_id=300#breadcrumb"},"inLanguage":"fr-FR","potentialAction":[{"@type":"ReadAction","target":["https:\/\/sowhat-architecture.fr\/?page_id=300"]}]},{"@type":"ImageObject","inLanguage":"fr-FR","@id":"https:\/\/sowhat-architecture.fr\/?page_id=300#primaryimage","url":"https:\/\/sowhat-architecture.fr\/wp-content\/uploads\/2023\/07\/Portrait-So-What-Architecture-scaled-1.jpg","contentUrl":"https:\/\/sowhat-architecture.fr\/wp-content\/uploads\/2023\/07\/Portrait-So-What-Architecture-scaled-1.jpg","width":2560,"height":1467},{"@type":"BreadcrumbList","@id":"https:\/\/sowhat-architecture.fr\/?page_id=300#breadcrumb","itemListElement":[{"@type":"ListItem","position":1,"name":"Accueil","item":"https:\/\/sowhat-architecture.fr\/"},{"@type":"ListItem","position":2,"name":"L&rsquo;agence"}]},{"@type":"WebSite","@id":"https:\/\/sowhat-architecture.fr\/#website","url":"https:\/\/sowhat-architecture.fr\/","name":"So What Architecture","description":"Architecture contemporaine - Experts en solutions bioclimatiques","publisher":{"@id":"https:\/\/sowhat-architecture.fr\/#organization"},"potentialAction":[{"@type":"SearchAction","target":{"@type":"EntryPoint","urlTemplate":"https:\/\/sowhat-architecture.fr\/?s={search_term_string}"},"query-input":{"@type":"PropertyValueSpecification","valueRequired":true,"valueName":"search_term_string"}}],"inLanguage":"fr-FR"},{"@type":"Organization","@id":"https:\/\/sowhat-architecture.fr\/#organization","name":"So What Architecture","url":"https:\/\/sowhat-architecture.fr\/","logo":{"@type":"ImageObject","inLanguage":"fr-FR","@id":"https:\/\/sowhat-architecture.fr\/#\/schema\/logo\/image\/","url":"https:\/\/sowhat-architecture.fr\/wp-content\/uploads\/2023\/11\/favicon.ico","contentUrl":"https:\/\/sowhat-architecture.fr\/wp-content\/uploads\/2023\/11\/favicon.ico","width":16,"height":16,"caption":"So What Architecture"},"image":{"@id":"https:\/\/sowhat-architecture.fr\/#\/schema\/logo\/image\/"}}]}},"_links":{"self":[{"href":"https:\/\/sowhat-architecture.fr\/index.php?rest_route=\/wp\/v2\/pages\/300","targetHints":{"allow":["GET"]}}],"collection":[{"href":"https:\/\/sowhat-architecture.fr\/index.php?rest_route=\/wp\/v2\/pages"}],"about":[{"href":"https:\/\/sowhat-architecture.fr\/index.php?rest_route=\/wp\/v2\/types\/page"}],"author":[{"embeddable":true,"href":"https:\/\/sowhat-architecture.fr\/index.php?rest_route=\/wp\/v2\/users\/5"}],"replies":[{"embeddable":true,"href":"https:\/\/sowhat-architecture.fr\/index.php?rest_route=%2Fwp%2Fv2%2Fcomments&post=300"}],"version-history":[{"count":3,"href":"https:\/\/sowhat-architecture.fr\/index.php?rest_route=\/wp\/v2\/pages\/300\/revisions"}],"predecessor-version":[{"id":7230,"href":"https:\/\/sowhat-architecture.fr\/index.php?rest_route=\/wp\/v2\/pages\/300\/revisions\/7230"}],"wp:attachment":[{"href":"https:\/\/sowhat-architecture.fr\/index.php?rest_route=%2Fwp%2Fv2%2Fmedia&parent=300"}],"wp:term":[{"taxonomy":"folder","embeddable":true,"href":"https:\/\/sowhat-architecture.fr\/index.php?rest_route=%2Fwp%2Fv2%2Ffolder&post=300"}],"curies":[{"name":"wp","href":"https:\/\/api.w.org\/{rel}","templated":true}]}}