{"id":307,"date":"2021-04-13T11:20:41","date_gmt":"2021-04-13T09:20:41","guid":{"rendered":"http:\/\/so.what.architecture.free.fr\/?page_id=307"},"modified":"2023-11-10T20:39:00","modified_gmt":"2023-11-10T20:39:00","slug":"assistance","status":"publish","type":"page","link":"https:\/\/sowhat-architecture.fr\/?page_id=307","title":{"rendered":"Assistance"},"content":{"rendered":"\n<p><strong>A<\/strong>fin de vous aider dans le cheminement \u00e0 suivre pour l\u2019\u00e9laboration du projet, nous vous proposons cette page, r\u00e9pondant \u00e0 quelques questions r\u00e9guli\u00e8rement abord\u00e9es, telles que:<\/p>\n\n\n\n<div class=\"wp-block-buttons is-layout-flex wp-block-buttons-is-layout-flex\">\n<div class=\"wp-block-button is-style-outline is-style-outline--1\"><a class=\"wp-block-button__link has-background wp-element-button\" href=\"https:\/\/sowhat-architecture.fr\/?page_id=311\" style=\"background-color:#e9edef\" target=\"_blank\" rel=\"noreferrer noopener\">Pourquoi faire appel aux services d&rsquo;un architecte<\/a><\/div>\n<\/div>\n\n\n\n<div class=\"wp-block-buttons is-layout-flex wp-block-buttons-is-layout-flex\">\n<div class=\"wp-block-button is-style-outline is-style-outline--2\"><a class=\"wp-block-button__link has-background wp-element-button\" href=\"https:\/\/sowhat-architecture.fr\/?page_id=313\" style=\"background-color:#e9edef\" target=\"_blank\" rel=\"noreferrer noopener\">Les missions \u00e0 lui confier<\/a><\/div>\n<\/div>\n\n\n\n<div class=\"wp-block-buttons is-layout-flex wp-block-buttons-is-layout-flex\">\n<div class=\"wp-block-button is-style-outline is-style-outline--3\"><a class=\"wp-block-button__link has-background wp-element-button\" href=\"https:\/\/sowhat-architecture.fr\/?page_id=317\" style=\"background-color:#e9edef\" target=\"_blank\" rel=\"noreferrer noopener\">Quel budget pr\u00e9voir pour mon projet<\/a><\/div>\n<\/div>\n\n\n\n<p><\/p>\n","protected":false},"excerpt":{"rendered":"<p>Afin de vous aider dans le cheminement \u00e0 suivre pour l\u2019\u00e9laboration du projet, nous vous proposons cette page, r\u00e9pondant \u00e0 quelques questions r\u00e9guli\u00e8rement abord\u00e9es, telles que:<\/p>\n","protected":false},"author":5,"featured_media":0,"parent":0,"menu_order":1,"comment_status":"closed","ping_status":"closed","template":"","meta":{"footnotes":""},"folder":[],"class_list":["post-307","page","type-page","status-publish","hentry"],"yoast_head":"<!-- This site is optimized with the Yoast SEO plugin v27.4 - https:\/\/yoast.com\/product\/yoast-seo-wordpress\/ -->\n<title>Assistance - So What Architecture<\/title>\n<meta name=\"robots\" content=\"index, follow, max-snippet:-1, max-image-preview:large, max-video-preview:-1\" \/>\n<link rel=\"canonical\" href=\"https:\/\/sowhat-architecture.fr\/?page_id=307\" \/>\n<meta property=\"og:locale\" content=\"fr_FR\" \/>\n<meta property=\"og:type\" content=\"article\" \/>\n<meta property=\"og:title\" content=\"Assistance - So What Architecture\" \/>\n<meta property=\"og:description\" content=\"Afin de vous aider dans le cheminement \u00e0 suivre pour l\u2019\u00e9laboration du projet, nous vous proposons cette page, r\u00e9pondant \u00e0 quelques questions r\u00e9guli\u00e8rement abord\u00e9es, telles que:\" \/>\n<meta property=\"og:url\" content=\"https:\/\/sowhat-architecture.fr\/?page_id=307\" \/>\n<meta property=\"og:site_name\" content=\"So What Architecture\" \/>\n<meta property=\"article:modified_time\" content=\"2023-11-10T20:39:00+00:00\" \/>\n<meta name=\"twitter:card\" content=\"summary_large_image\" \/>\n<meta name=\"twitter:label1\" content=\"Dur\u00e9e de lecture estim\u00e9e\" \/>\n\t<meta name=\"twitter:data1\" content=\"1 minute\" \/>\n<script type=\"application\/ld+json\" class=\"yoast-schema-graph\">{\"@context\":\"https:\\\/\\\/schema.org\",\"@graph\":[{\"@type\":\"WebPage\",\"@id\":\"https:\\\/\\\/sowhat-architecture.fr\\\/?page_id=307\",\"url\":\"https:\\\/\\\/sowhat-architecture.fr\\\/?page_id=307\",\"name\":\"Assistance - So What Architecture\",\"isPartOf\":{\"@id\":\"https:\\\/\\\/sowhat-architecture.fr\\\/#website\"},\"datePublished\":\"2021-04-13T09:20:41+00:00\",\"dateModified\":\"2023-11-10T20:39:00+00:00\",\"breadcrumb\":{\"@id\":\"https:\\\/\\\/sowhat-architecture.fr\\\/?page_id=307#breadcrumb\"},\"inLanguage\":\"fr-FR\",\"potentialAction\":[{\"@type\":\"ReadAction\",\"target\":[\"https:\\\/\\\/sowhat-architecture.fr\\\/?page_id=307\"]}]},{\"@type\":\"BreadcrumbList\",\"@id\":\"https:\\\/\\\/sowhat-architecture.fr\\\/?page_id=307#breadcrumb\",\"itemListElement\":[{\"@type\":\"ListItem\",\"position\":1,\"name\":\"Accueil\",\"item\":\"https:\\\/\\\/sowhat-architecture.fr\\\/\"},{\"@type\":\"ListItem\",\"position\":2,\"name\":\"Assistance\"}]},{\"@type\":\"WebSite\",\"@id\":\"https:\\\/\\\/sowhat-architecture.fr\\\/#website\",\"url\":\"https:\\\/\\\/sowhat-architecture.fr\\\/\",\"name\":\"So What Architecture\",\"description\":\"Architecture contemporaine - Experts en solutions bioclimatiques\",\"publisher\":{\"@id\":\"https:\\\/\\\/sowhat-architecture.fr\\\/#organization\"},\"potentialAction\":[{\"@type\":\"SearchAction\",\"target\":{\"@type\":\"EntryPoint\",\"urlTemplate\":\"https:\\\/\\\/sowhat-architecture.fr\\\/?s={search_term_string}\"},\"query-input\":{\"@type\":\"PropertyValueSpecification\",\"valueRequired\":true,\"valueName\":\"search_term_string\"}}],\"inLanguage\":\"fr-FR\"},{\"@type\":\"Organization\",\"@id\":\"https:\\\/\\\/sowhat-architecture.fr\\\/#organization\",\"name\":\"So What Architecture\",\"url\":\"https:\\\/\\\/sowhat-architecture.fr\\\/\",\"logo\":{\"@type\":\"ImageObject\",\"inLanguage\":\"fr-FR\",\"@id\":\"https:\\\/\\\/sowhat-architecture.fr\\\/#\\\/schema\\\/logo\\\/image\\\/\",\"url\":\"https:\\\/\\\/sowhat-architecture.fr\\\/wp-content\\\/uploads\\\/2023\\\/11\\\/favicon.ico\",\"contentUrl\":\"https:\\\/\\\/sowhat-architecture.fr\\\/wp-content\\\/uploads\\\/2023\\\/11\\\/favicon.ico\",\"width\":16,\"height\":16,\"caption\":\"So What Architecture\"},\"image\":{\"@id\":\"https:\\\/\\\/sowhat-architecture.fr\\\/#\\\/schema\\\/logo\\\/image\\\/\"}}]}<\/script>\n<!-- \/ Yoast SEO plugin. -->","yoast_head_json":{"title":"Assistance - So What Architecture","robots":{"index":"index","follow":"follow","max-snippet":"max-snippet:-1","max-image-preview":"max-image-preview:large","max-video-preview":"max-video-preview:-1"},"canonical":"https:\/\/sowhat-architecture.fr\/?page_id=307","og_locale":"fr_FR","og_type":"article","og_title":"Assistance - So What Architecture","og_description":"Afin de vous aider dans le cheminement \u00e0 suivre pour l\u2019\u00e9laboration du projet, nous vous proposons cette page, r\u00e9pondant \u00e0 quelques questions r\u00e9guli\u00e8rement abord\u00e9es, telles que:","og_url":"https:\/\/sowhat-architecture.fr\/?page_id=307","og_site_name":"So What Architecture","article_modified_time":"2023-11-10T20:39:00+00:00","twitter_card":"summary_large_image","twitter_misc":{"Dur\u00e9e de lecture estim\u00e9e":"1 minute"},"schema":{"@context":"https:\/\/schema.org","@graph":[{"@type":"WebPage","@id":"https:\/\/sowhat-architecture.fr\/?page_id=307","url":"https:\/\/sowhat-architecture.fr\/?page_id=307","name":"Assistance - So What Architecture","isPartOf":{"@id":"https:\/\/sowhat-architecture.fr\/#website"},"datePublished":"2021-04-13T09:20:41+00:00","dateModified":"2023-11-10T20:39:00+00:00","breadcrumb":{"@id":"https:\/\/sowhat-architecture.fr\/?page_id=307#breadcrumb"},"inLanguage":"fr-FR","potentialAction":[{"@type":"ReadAction","target":["https:\/\/sowhat-architecture.fr\/?page_id=307"]}]},{"@type":"BreadcrumbList","@id":"https:\/\/sowhat-architecture.fr\/?page_id=307#breadcrumb","itemListElement":[{"@type":"ListItem","position":1,"name":"Accueil","item":"https:\/\/sowhat-architecture.fr\/"},{"@type":"ListItem","position":2,"name":"Assistance"}]},{"@type":"WebSite","@id":"https:\/\/sowhat-architecture.fr\/#website","url":"https:\/\/sowhat-architecture.fr\/","name":"So What Architecture","description":"Architecture contemporaine - Experts en solutions bioclimatiques","publisher":{"@id":"https:\/\/sowhat-architecture.fr\/#organization"},"potentialAction":[{"@type":"SearchAction","target":{"@type":"EntryPoint","urlTemplate":"https:\/\/sowhat-architecture.fr\/?s={search_term_string}"},"query-input":{"@type":"PropertyValueSpecification","valueRequired":true,"valueName":"search_term_string"}}],"inLanguage":"fr-FR"},{"@type":"Organization","@id":"https:\/\/sowhat-architecture.fr\/#organization","name":"So What Architecture","url":"https:\/\/sowhat-architecture.fr\/","logo":{"@type":"ImageObject","inLanguage":"fr-FR","@id":"https:\/\/sowhat-architecture.fr\/#\/schema\/logo\/image\/","url":"https:\/\/sowhat-architecture.fr\/wp-content\/uploads\/2023\/11\/favicon.ico","contentUrl":"https:\/\/sowhat-architecture.fr\/wp-content\/uploads\/2023\/11\/favicon.ico","width":16,"height":16,"caption":"So What Architecture"},"image":{"@id":"https:\/\/sowhat-architecture.fr\/#\/schema\/logo\/image\/"}}]}},"_links":{"self":[{"href":"https:\/\/sowhat-architecture.fr\/index.php?rest_route=\/wp\/v2\/pages\/307","targetHints":{"allow":["GET"]}}],"collection":[{"href":"https:\/\/sowhat-architecture.fr\/index.php?rest_route=\/wp\/v2\/pages"}],"about":[{"href":"https:\/\/sowhat-architecture.fr\/index.php?rest_route=\/wp\/v2\/types\/page"}],"author":[{"embeddable":true,"href":"https:\/\/sowhat-architecture.fr\/index.php?rest_route=\/wp\/v2\/users\/5"}],"replies":[{"embeddable":true,"href":"https:\/\/sowhat-architecture.fr\/index.php?rest_route=%2Fwp%2Fv2%2Fcomments&post=307"}],"version-history":[{"count":2,"href":"https:\/\/sowhat-architecture.fr\/index.php?rest_route=\/wp\/v2\/pages\/307\/revisions"}],"predecessor-version":[{"id":2518,"href":"https:\/\/sowhat-architecture.fr\/index.php?rest_route=\/wp\/v2\/pages\/307\/revisions\/2518"}],"wp:attachment":[{"href":"https:\/\/sowhat-architecture.fr\/index.php?rest_route=%2Fwp%2Fv2%2Fmedia&parent=307"}],"wp:term":[{"taxonomy":"folder","embeddable":true,"href":"https:\/\/sowhat-architecture.fr\/index.php?rest_route=%2Fwp%2Fv2%2Ffolder&post=307"}],"curies":[{"name":"wp","href":"https:\/\/api.w.org\/{rel}","templated":true}]}}