{"id":317,"date":"2021-04-13T11:33:11","date_gmt":"2021-04-13T09:33:11","guid":{"rendered":"http:\/\/so.what.architecture.free.fr\/?page_id=317"},"modified":"2026-03-23T08:33:55","modified_gmt":"2026-03-23T08:33:55","slug":"budjet","status":"publish","type":"page","link":"https:\/\/sowhat-architecture.fr\/?page_id=317","title":{"rendered":"Budget"},"content":{"rendered":"\n<p><span style=\"background-color:rgba(0, 0, 0, 0)\" class=\"has-inline-color has-vivid-cyan-blue-color\"><strong>C\u2019est le nerf de la guerre!<\/strong><\/span><\/p>\n\n\n\n<p>Avant d\u2019amorcer votre projet, il conviendra de pouvoir disposer des sommes suffisantes pour parvenir \u00e0 mener sa r\u00e9alisation \u00e0 terme.<\/p>\n\n\n\n<p><strong>Nous mettons nos comp\u00e9tences \u00e0 votre disposition pour v\u00e9rifier cette ad\u00e9quation d\u00e8s l&rsquo;amorce de votre projet.<\/strong><\/p>\n\n\n\n<p>En effet, d\u00e8s le travail d\u2019esquisse, un tableau d\u2019approche budg\u00e9taire accompagne le projet.<\/p>\n\n\n\n<p><span style=\"background-color:rgba(0, 0, 0, 0)\" class=\"has-inline-color has-vivid-cyan-blue-color\">Ce tableau fera ensuite l\u2019objet d\u2019une remise \u00e0 jour syst\u00e9matique \u00e0 chaque modification du projet.<\/span><\/p>\n\n\n\n<p>En effet, l\u2019agrandissement ou la r\u00e9duction de surface, le choix des mat\u00e9riaux, la nature de tel ou tel point de la construction (ex&nbsp;: fondations sp\u00e9ciales rendues n\u00e9cessaires apr\u00e8s une \u00e9tude de sol\u2026) pourraient modifier le co\u00fbt estimatif du projet.<\/p>\n\n\n\n<p>Ainsi, nous vous aidons tout au long de notre mission \u00e0 d\u00e9finir les diff\u00e9rents param\u00e8tres de fa\u00e7on \u00e0 ce que la construction envisag\u00e9e puisse aller de pair avec le budget dont vous disposez pour sa r\u00e9alisation.<\/p>\n\n\n\n<p>Avant consultation des entreprises, la tableau budg\u00e9taire du d\u00e9part \u00e9volue et devient dossier quantitatif estimatif. L\u2019ensemble du projet est alors d\u00e9cortiqu\u00e9, m\u00e9tr\u00e9 estim\u00e9 pr\u00e9cis\u00e9ment, poste par poste. Tout y est d\u00e9crit, il peut faire l\u2019objet d\u2019optimisations pour red\u00e9finir certains postes avant de passer \u00e0 la consultation d\u2019entreprises.<\/p>\n\n\n\n<p>Au retour des devis, toutes les donn\u00e9es sont index\u00e9es dans un tableur tr\u00e8s complet qui permet une ma\u00eetrise totale et tr\u00e8s pr\u00e9cise du niveau financier de ces retours. Nous vous informons \u00e0 chaque retour d\u2019entreprises de l\u2019\u00e9quilibre de la balance financi\u00e8re de l\u2019ensemble.<\/p>\n\n\n\n<p>Les devis des entreprises sont alors joints aux march\u00e9s de travaux. Ils reprennent nos m\u00e9tr\u00e9s. L\u2019ensemble des postes est ainsi cadr\u00e9. Les prix donn\u00e9s pour l\u2019ex\u00e9cution des travaux sont tous ex\u00e9cut\u00e9s au m\u00e9tr\u00e9.<\/p>\n\n\n\n<p>En 2021, le prix moyen constat\u00e9 pour la construction individuelle neuve sur la r\u00e9gion montpelli\u00e9raine se situait autour des 1600\u20ac hors taxes du m\u00b2.<\/p>\n\n\n\n<p>En 2023, le prix moyen constat\u00e9 pour la construction individuelle neuve sur la r\u00e9gion montpelli\u00e9raine ne tombe que rarement sous 1700\u20ac hors taxes du m\u00b2.<\/p>\n\n\n\n<p>En 2026, comptez aux alentours de 1900\u20ac hors taxes du m\u00b2 pour une prestation sans failles et de qualit\u00e9. On pourra aussi aller sur du tr\u00e8s haut de gamme o\u00f9 comme pour l&rsquo;ensemble de nos r\u00e9alisations, une estimation pr\u00e9cise des prestations \u00e0 mettre en oeuvre sera r\u00e9alis\u00e9e avant les travaux.<\/p>\n\n\n\n<div class=\"wp-block-buttons is-layout-flex wp-block-buttons-is-layout-flex\">\n<div class=\"wp-block-button\"><a class=\"wp-block-button__link wp-element-button\" href=\"https:\/\/sowhat-architecture.fr\/?page_id=313\" target=\"_blank\" rel=\"noreferrer noopener\">Les missions \u00e0 lui confier<\/a><\/div>\n\n\n\n<div class=\"wp-block-button\"><a class=\"wp-block-button__link wp-element-button\" href=\"https:\/\/sowhat-architecture.fr\/?page_id=311\" target=\"_blank\" rel=\"noreferrer noopener\">Pourquoi faire appel aux services d&rsquo;un architecte<\/a><\/div>\n<\/div>\n","protected":false},"excerpt":{"rendered":"<p>C\u2019est le nerf de la guerre! Avant d\u2019amorcer votre projet, il conviendra de pouvoir disposer des sommes suffisantes pour parvenir \u00e0 mener sa r\u00e9alisation \u00e0 terme. Nous mettons nos comp\u00e9tences \u00e0 votre disposition pour v\u00e9rifier cette ad\u00e9quation d\u00e8s l&rsquo;amorce de votre projet. En effet, d\u00e8s le travail d\u2019esquisse, un tableau d\u2019approche budg\u00e9taire accompagne le projet. &hellip; <\/p>\n<p class=\"link-more\"><a href=\"https:\/\/sowhat-architecture.fr\/?page_id=317\" class=\"more-link\">Continuer la lecture<span class=\"screen-reader-text\"> de &laquo;&nbsp;Budget&nbsp;&raquo;<\/span><\/a><\/p>\n","protected":false},"author":5,"featured_media":0,"parent":307,"menu_order":2,"comment_status":"closed","ping_status":"closed","template":"","meta":{"footnotes":""},"folder":[],"class_list":["post-317","page","type-page","status-publish","hentry"],"yoast_head":"<!-- This site is optimized with the Yoast SEO plugin v27.4 - https:\/\/yoast.com\/product\/yoast-seo-wordpress\/ -->\n<title>Budget - So What Architecture<\/title>\n<meta name=\"robots\" content=\"index, follow, max-snippet:-1, max-image-preview:large, max-video-preview:-1\" \/>\n<link rel=\"canonical\" href=\"https:\/\/sowhat-architecture.fr\/?page_id=317\" \/>\n<meta property=\"og:locale\" content=\"fr_FR\" \/>\n<meta property=\"og:type\" content=\"article\" \/>\n<meta property=\"og:title\" content=\"Budget - So What Architecture\" \/>\n<meta property=\"og:description\" content=\"C\u2019est le nerf de la guerre! Avant d\u2019amorcer votre projet, il conviendra de pouvoir disposer des sommes suffisantes pour parvenir \u00e0 mener sa r\u00e9alisation \u00e0 terme. Nous mettons nos comp\u00e9tences \u00e0 votre disposition pour v\u00e9rifier cette ad\u00e9quation d\u00e8s l&rsquo;amorce de votre projet. En effet, d\u00e8s le travail d\u2019esquisse, un tableau d\u2019approche budg\u00e9taire accompagne le projet. &hellip; Continuer la lecture de &laquo;&nbsp;Budget&nbsp;&raquo;\" \/>\n<meta property=\"og:url\" content=\"https:\/\/sowhat-architecture.fr\/?page_id=317\" \/>\n<meta property=\"og:site_name\" content=\"So What Architecture\" \/>\n<meta property=\"article:modified_time\" content=\"2026-03-23T08:33:55+00:00\" \/>\n<meta name=\"twitter:card\" content=\"summary_large_image\" \/>\n<meta name=\"twitter:label1\" content=\"Dur\u00e9e de lecture estim\u00e9e\" \/>\n\t<meta name=\"twitter:data1\" content=\"2 minutes\" \/>\n<script type=\"application\/ld+json\" class=\"yoast-schema-graph\">{\"@context\":\"https:\\\/\\\/schema.org\",\"@graph\":[{\"@type\":\"WebPage\",\"@id\":\"https:\\\/\\\/sowhat-architecture.fr\\\/?page_id=317\",\"url\":\"https:\\\/\\\/sowhat-architecture.fr\\\/?page_id=317\",\"name\":\"Budget - So What Architecture\",\"isPartOf\":{\"@id\":\"https:\\\/\\\/sowhat-architecture.fr\\\/#website\"},\"datePublished\":\"2021-04-13T09:33:11+00:00\",\"dateModified\":\"2026-03-23T08:33:55+00:00\",\"breadcrumb\":{\"@id\":\"https:\\\/\\\/sowhat-architecture.fr\\\/?page_id=317#breadcrumb\"},\"inLanguage\":\"fr-FR\",\"potentialAction\":[{\"@type\":\"ReadAction\",\"target\":[\"https:\\\/\\\/sowhat-architecture.fr\\\/?page_id=317\"]}]},{\"@type\":\"BreadcrumbList\",\"@id\":\"https:\\\/\\\/sowhat-architecture.fr\\\/?page_id=317#breadcrumb\",\"itemListElement\":[{\"@type\":\"ListItem\",\"position\":1,\"name\":\"Accueil\",\"item\":\"https:\\\/\\\/sowhat-architecture.fr\\\/\"},{\"@type\":\"ListItem\",\"position\":2,\"name\":\"Assistance\",\"item\":\"https:\\\/\\\/sowhat-architecture.fr\\\/?page_id=307\"},{\"@type\":\"ListItem\",\"position\":3,\"name\":\"Budget\"}]},{\"@type\":\"WebSite\",\"@id\":\"https:\\\/\\\/sowhat-architecture.fr\\\/#website\",\"url\":\"https:\\\/\\\/sowhat-architecture.fr\\\/\",\"name\":\"So What Architecture\",\"description\":\"Architecture contemporaine - Experts en solutions bioclimatiques\",\"publisher\":{\"@id\":\"https:\\\/\\\/sowhat-architecture.fr\\\/#organization\"},\"potentialAction\":[{\"@type\":\"SearchAction\",\"target\":{\"@type\":\"EntryPoint\",\"urlTemplate\":\"https:\\\/\\\/sowhat-architecture.fr\\\/?s={search_term_string}\"},\"query-input\":{\"@type\":\"PropertyValueSpecification\",\"valueRequired\":true,\"valueName\":\"search_term_string\"}}],\"inLanguage\":\"fr-FR\"},{\"@type\":\"Organization\",\"@id\":\"https:\\\/\\\/sowhat-architecture.fr\\\/#organization\",\"name\":\"So What Architecture\",\"url\":\"https:\\\/\\\/sowhat-architecture.fr\\\/\",\"logo\":{\"@type\":\"ImageObject\",\"inLanguage\":\"fr-FR\",\"@id\":\"https:\\\/\\\/sowhat-architecture.fr\\\/#\\\/schema\\\/logo\\\/image\\\/\",\"url\":\"https:\\\/\\\/sowhat-architecture.fr\\\/wp-content\\\/uploads\\\/2023\\\/11\\\/favicon.ico\",\"contentUrl\":\"https:\\\/\\\/sowhat-architecture.fr\\\/wp-content\\\/uploads\\\/2023\\\/11\\\/favicon.ico\",\"width\":16,\"height\":16,\"caption\":\"So What Architecture\"},\"image\":{\"@id\":\"https:\\\/\\\/sowhat-architecture.fr\\\/#\\\/schema\\\/logo\\\/image\\\/\"}}]}<\/script>\n<!-- \/ Yoast SEO plugin. -->","yoast_head_json":{"title":"Budget - So What Architecture","robots":{"index":"index","follow":"follow","max-snippet":"max-snippet:-1","max-image-preview":"max-image-preview:large","max-video-preview":"max-video-preview:-1"},"canonical":"https:\/\/sowhat-architecture.fr\/?page_id=317","og_locale":"fr_FR","og_type":"article","og_title":"Budget - So What Architecture","og_description":"C\u2019est le nerf de la guerre! Avant d\u2019amorcer votre projet, il conviendra de pouvoir disposer des sommes suffisantes pour parvenir \u00e0 mener sa r\u00e9alisation \u00e0 terme. Nous mettons nos comp\u00e9tences \u00e0 votre disposition pour v\u00e9rifier cette ad\u00e9quation d\u00e8s l&rsquo;amorce de votre projet. En effet, d\u00e8s le travail d\u2019esquisse, un tableau d\u2019approche budg\u00e9taire accompagne le projet. &hellip; Continuer la lecture de &laquo;&nbsp;Budget&nbsp;&raquo;","og_url":"https:\/\/sowhat-architecture.fr\/?page_id=317","og_site_name":"So What Architecture","article_modified_time":"2026-03-23T08:33:55+00:00","twitter_card":"summary_large_image","twitter_misc":{"Dur\u00e9e de lecture estim\u00e9e":"2 minutes"},"schema":{"@context":"https:\/\/schema.org","@graph":[{"@type":"WebPage","@id":"https:\/\/sowhat-architecture.fr\/?page_id=317","url":"https:\/\/sowhat-architecture.fr\/?page_id=317","name":"Budget - So What Architecture","isPartOf":{"@id":"https:\/\/sowhat-architecture.fr\/#website"},"datePublished":"2021-04-13T09:33:11+00:00","dateModified":"2026-03-23T08:33:55+00:00","breadcrumb":{"@id":"https:\/\/sowhat-architecture.fr\/?page_id=317#breadcrumb"},"inLanguage":"fr-FR","potentialAction":[{"@type":"ReadAction","target":["https:\/\/sowhat-architecture.fr\/?page_id=317"]}]},{"@type":"BreadcrumbList","@id":"https:\/\/sowhat-architecture.fr\/?page_id=317#breadcrumb","itemListElement":[{"@type":"ListItem","position":1,"name":"Accueil","item":"https:\/\/sowhat-architecture.fr\/"},{"@type":"ListItem","position":2,"name":"Assistance","item":"https:\/\/sowhat-architecture.fr\/?page_id=307"},{"@type":"ListItem","position":3,"name":"Budget"}]},{"@type":"WebSite","@id":"https:\/\/sowhat-architecture.fr\/#website","url":"https:\/\/sowhat-architecture.fr\/","name":"So What Architecture","description":"Architecture contemporaine - Experts en solutions bioclimatiques","publisher":{"@id":"https:\/\/sowhat-architecture.fr\/#organization"},"potentialAction":[{"@type":"SearchAction","target":{"@type":"EntryPoint","urlTemplate":"https:\/\/sowhat-architecture.fr\/?s={search_term_string}"},"query-input":{"@type":"PropertyValueSpecification","valueRequired":true,"valueName":"search_term_string"}}],"inLanguage":"fr-FR"},{"@type":"Organization","@id":"https:\/\/sowhat-architecture.fr\/#organization","name":"So What Architecture","url":"https:\/\/sowhat-architecture.fr\/","logo":{"@type":"ImageObject","inLanguage":"fr-FR","@id":"https:\/\/sowhat-architecture.fr\/#\/schema\/logo\/image\/","url":"https:\/\/sowhat-architecture.fr\/wp-content\/uploads\/2023\/11\/favicon.ico","contentUrl":"https:\/\/sowhat-architecture.fr\/wp-content\/uploads\/2023\/11\/favicon.ico","width":16,"height":16,"caption":"So What Architecture"},"image":{"@id":"https:\/\/sowhat-architecture.fr\/#\/schema\/logo\/image\/"}}]}},"_links":{"self":[{"href":"https:\/\/sowhat-architecture.fr\/index.php?rest_route=\/wp\/v2\/pages\/317","targetHints":{"allow":["GET"]}}],"collection":[{"href":"https:\/\/sowhat-architecture.fr\/index.php?rest_route=\/wp\/v2\/pages"}],"about":[{"href":"https:\/\/sowhat-architecture.fr\/index.php?rest_route=\/wp\/v2\/types\/page"}],"author":[{"embeddable":true,"href":"https:\/\/sowhat-architecture.fr\/index.php?rest_route=\/wp\/v2\/users\/5"}],"replies":[{"embeddable":true,"href":"https:\/\/sowhat-architecture.fr\/index.php?rest_route=%2Fwp%2Fv2%2Fcomments&post=317"}],"version-history":[{"count":4,"href":"https:\/\/sowhat-architecture.fr\/index.php?rest_route=\/wp\/v2\/pages\/317\/revisions"}],"predecessor-version":[{"id":7327,"href":"https:\/\/sowhat-architecture.fr\/index.php?rest_route=\/wp\/v2\/pages\/317\/revisions\/7327"}],"up":[{"embeddable":true,"href":"https:\/\/sowhat-architecture.fr\/index.php?rest_route=\/wp\/v2\/pages\/307"}],"wp:attachment":[{"href":"https:\/\/sowhat-architecture.fr\/index.php?rest_route=%2Fwp%2Fv2%2Fmedia&parent=317"}],"wp:term":[{"taxonomy":"folder","embeddable":true,"href":"https:\/\/sowhat-architecture.fr\/index.php?rest_route=%2Fwp%2Fv2%2Ffolder&post=317"}],"curies":[{"name":"wp","href":"https:\/\/api.w.org\/{rel}","templated":true}]}}